{"id":18871,"date":"2026-05-01T15:25:08","date_gmt":"2026-05-01T13:25:08","guid":{"rendered":"https:\/\/galerieh.ch\/?post_type=product&#038;p=18871"},"modified":"2026-05-01T15:33:30","modified_gmt":"2026-05-01T13:33:30","slug":"earrings-tea-for-two-bees-silk-tie-aaccessories-design-valerie-hangel-genevea","status":"publish","type":"product","link":"https:\/\/galerieh.ch\/en\/produit\/earrings-tea-for-two-bees-silk-tie-aaccessories-design-valerie-hangel-genevea\/","title":{"rendered":"Tea for two earrings, bees"},"content":{"rendered":"<p>Design : <span style=\"color: #ce4a62;\">Val\u00e9rie Hangel<\/span><\/p>\n<p>Upcycled tie fabric.<\/p>\n<p>Earrings made from wooden beads wrapped in black and yellow striped silk tie fabric.<br \/>\nSilver studs.<\/p>\n<ul>\n<li>Handmade in my workshop in Carouge, GenevaFabriqu\u00e9 \u00e0 la main, dans mon atelier \u00e0 Carouge, Gen\u00e8ve<\/li>\n<li>Vintage silk twill tie fabric<\/li>\n<li>Unique piece<\/li>\n<\/ul>\n<p>Lenght : 5,5 cm<\/p>\n","protected":false},"excerpt":{"rendered":"<p>Boucles d&#8217;oreilles en soie<\/p>\n","protected":false},"featured_media":18867,"template":"","meta":[],"product_brand":[],"product_cat":[3093],"product_tag":[2148],"class_list":{"0":"post-18871","1":"product","2":"type-product","3":"status-publish","4":"has-post-thumbnail","6":"product_cat-mister-jacquet-collection","7":"product_tag-boucles-doreilles-en","9":"first","10":"instock","11":"sold-individually","12":"shipping-taxable","13":"purchasable","14":"product-type-simple"},"yoast_head":"<!-- This site is optimized with the Yoast SEO plugin v27.3 - https:\/\/yoast.com\/product\/yoast-seo-wordpress\/ -->\n<title>Tea for two earrings<\/title>\n<meta name=\"description\" content=\"Earrings made from wooden beads wrapped in black and yellow striped silk tie fabric. Handmade in Val\u00e9rie Hangel&#039;s studio in Carouge, Geneva\" \/>\n<meta name=\"robots\" content=\"index, follow, max-snippet:-1, max-image-preview:large, max-video-preview:-1\" \/>\n<link rel=\"canonical\" href=\"https:\/\/galerieh.ch\/en\/produit\/earrings-tea-for-two-bees-silk-tie-aaccessories-design-valerie-hangel-genevea\/\" \/>\n<meta property=\"og:locale\" content=\"en_US\" \/>\n<meta property=\"og:type\" content=\"article\" \/>\n<meta property=\"og:title\" content=\"Tea for two earrings\" \/>\n<meta property=\"og:description\" content=\"Earrings made from wooden beads wrapped in black and yellow striped silk tie fabric. Handmade in Val\u00e9rie Hangel&#039;s studio in Carouge, Geneva\" \/>\n<meta property=\"og:url\" content=\"https:\/\/galerieh.ch\/en\/produit\/earrings-tea-for-two-bees-silk-tie-aaccessories-design-valerie-hangel-genevea\/\" \/>\n<meta property=\"og:site_name\" content=\"Galerie H\" \/>\n<meta property=\"article:publisher\" content=\"https:\/\/www.facebook.com\/valerie.hangel\" \/>\n<meta property=\"article:modified_time\" content=\"2026-05-01T13:33:30+00:00\" \/>\n<meta property=\"og:image\" content=\"https:\/\/galerieh.ch\/wp-content\/uploads\/2026\/04\/img-1342.jpg\" \/>\n\t<meta property=\"og:image:width\" content=\"938\" \/>\n\t<meta property=\"og:image:height\" content=\"1250\" \/>\n\t<meta property=\"og:image:type\" content=\"image\/jpeg\" \/>\n<meta name=\"twitter:card\" content=\"summary_large_image\" \/>\n<script type=\"application\/ld+json\" class=\"yoast-schema-graph\">{\"@context\":\"https:\\\/\\\/schema.org\",\"@graph\":[{\"@type\":\"WebPage\",\"@id\":\"https:\\\/\\\/galerieh.ch\\\/en\\\/produit\\\/earrings-tea-for-two-bees-silk-tie-aaccessories-design-valerie-hangel-genevea\\\/\",\"url\":\"https:\\\/\\\/galerieh.ch\\\/en\\\/produit\\\/earrings-tea-for-two-bees-silk-tie-aaccessories-design-valerie-hangel-genevea\\\/\",\"name\":\"Tea for two earrings\",\"isPartOf\":{\"@id\":\"https:\\\/\\\/galerieh.ch\\\/en\\\/#website\"},\"primaryImageOfPage\":{\"@id\":\"https:\\\/\\\/galerieh.ch\\\/en\\\/produit\\\/earrings-tea-for-two-bees-silk-tie-aaccessories-design-valerie-hangel-genevea\\\/#primaryimage\"},\"image\":{\"@id\":\"https:\\\/\\\/galerieh.ch\\\/en\\\/produit\\\/earrings-tea-for-two-bees-silk-tie-aaccessories-design-valerie-hangel-genevea\\\/#primaryimage\"},\"thumbnailUrl\":\"https:\\\/\\\/galerieh.ch\\\/wp-content\\\/uploads\\\/2026\\\/04\\\/img-1342.jpg\",\"datePublished\":\"2026-05-01T13:25:08+00:00\",\"dateModified\":\"2026-05-01T13:33:30+00:00\",\"description\":\"Earrings made from wooden beads wrapped in black and yellow striped silk tie fabric. Handmade in Val\u00e9rie Hangel's studio in Carouge, Geneva\",\"breadcrumb\":{\"@id\":\"https:\\\/\\\/galerieh.ch\\\/en\\\/produit\\\/earrings-tea-for-two-bees-silk-tie-aaccessories-design-valerie-hangel-genevea\\\/#breadcrumb\"},\"inLanguage\":\"en-US\",\"potentialAction\":[{\"@type\":\"ReadAction\",\"target\":[\"https:\\\/\\\/galerieh.ch\\\/en\\\/produit\\\/earrings-tea-for-two-bees-silk-tie-aaccessories-design-valerie-hangel-genevea\\\/\"]}]},{\"@type\":\"ImageObject\",\"inLanguage\":\"en-US\",\"@id\":\"https:\\\/\\\/galerieh.ch\\\/en\\\/produit\\\/earrings-tea-for-two-bees-silk-tie-aaccessories-design-valerie-hangel-genevea\\\/#primaryimage\",\"url\":\"https:\\\/\\\/galerieh.ch\\\/wp-content\\\/uploads\\\/2026\\\/04\\\/img-1342.jpg\",\"contentUrl\":\"https:\\\/\\\/galerieh.ch\\\/wp-content\\\/uploads\\\/2026\\\/04\\\/img-1342.jpg\",\"width\":938,\"height\":1250,\"caption\":\"bouclesdoreilles-collection-jacquet-tissu-cravate-rayures-fait-main-creation-valerie-hangel-geneve\"},{\"@type\":\"BreadcrumbList\",\"@id\":\"https:\\\/\\\/galerieh.ch\\\/en\\\/produit\\\/earrings-tea-for-two-bees-silk-tie-aaccessories-design-valerie-hangel-genevea\\\/#breadcrumb\",\"itemListElement\":[{\"@type\":\"ListItem\",\"position\":1,\"name\":\"Accueil\",\"item\":\"https:\\\/\\\/galerieh.ch\\\/en\\\/home-silk-kimono-jewellery-art-geneva\\\/\"},{\"@type\":\"ListItem\",\"position\":2,\"name\":\"Shop\",\"item\":\"https:\\\/\\\/galerieh.ch\\\/en\\\/shop\\\/\"},{\"@type\":\"ListItem\",\"position\":3,\"name\":\"Tea for two earrings, bees\"}]},{\"@type\":\"WebSite\",\"@id\":\"https:\\\/\\\/galerieh.ch\\\/en\\\/#website\",\"url\":\"https:\\\/\\\/galerieh.ch\\\/en\\\/\",\"name\":\"Galerie H\",\"description\":\"Bijoux sur mesure textiles, accessoires et Kimonos \u00e0 Carouge - Gen\u00e8ve\",\"potentialAction\":[{\"@type\":\"SearchAction\",\"target\":{\"@type\":\"EntryPoint\",\"urlTemplate\":\"https:\\\/\\\/galerieh.ch\\\/en\\\/?s={search_term_string}\"},\"query-input\":{\"@type\":\"PropertyValueSpecification\",\"valueRequired\":true,\"valueName\":\"search_term_string\"}}],\"inLanguage\":\"en-US\"}]}<\/script>\n<!-- \/ Yoast SEO plugin. -->","yoast_head_json":{"title":"Tea for two earrings","description":"Earrings made from wooden beads wrapped in black and yellow striped silk tie fabric. Handmade in Val\u00e9rie Hangel's studio in Carouge, Geneva","robots":{"index":"index","follow":"follow","max-snippet":"max-snippet:-1","max-image-preview":"max-image-preview:large","max-video-preview":"max-video-preview:-1"},"canonical":"https:\/\/galerieh.ch\/en\/produit\/earrings-tea-for-two-bees-silk-tie-aaccessories-design-valerie-hangel-genevea\/","og_locale":"en_US","og_type":"article","og_title":"Tea for two earrings","og_description":"Earrings made from wooden beads wrapped in black and yellow striped silk tie fabric. Handmade in Val\u00e9rie Hangel's studio in Carouge, Geneva","og_url":"https:\/\/galerieh.ch\/en\/produit\/earrings-tea-for-two-bees-silk-tie-aaccessories-design-valerie-hangel-genevea\/","og_site_name":"Galerie H","article_publisher":"https:\/\/www.facebook.com\/valerie.hangel","article_modified_time":"2026-05-01T13:33:30+00:00","og_image":[{"width":938,"height":1250,"url":"https:\/\/galerieh.ch\/wp-content\/uploads\/2026\/04\/img-1342.jpg","type":"image\/jpeg"}],"twitter_card":"summary_large_image","schema":{"@context":"https:\/\/schema.org","@graph":[{"@type":"WebPage","@id":"https:\/\/galerieh.ch\/en\/produit\/earrings-tea-for-two-bees-silk-tie-aaccessories-design-valerie-hangel-genevea\/","url":"https:\/\/galerieh.ch\/en\/produit\/earrings-tea-for-two-bees-silk-tie-aaccessories-design-valerie-hangel-genevea\/","name":"Tea for two earrings","isPartOf":{"@id":"https:\/\/galerieh.ch\/en\/#website"},"primaryImageOfPage":{"@id":"https:\/\/galerieh.ch\/en\/produit\/earrings-tea-for-two-bees-silk-tie-aaccessories-design-valerie-hangel-genevea\/#primaryimage"},"image":{"@id":"https:\/\/galerieh.ch\/en\/produit\/earrings-tea-for-two-bees-silk-tie-aaccessories-design-valerie-hangel-genevea\/#primaryimage"},"thumbnailUrl":"https:\/\/galerieh.ch\/wp-content\/uploads\/2026\/04\/img-1342.jpg","datePublished":"2026-05-01T13:25:08+00:00","dateModified":"2026-05-01T13:33:30+00:00","description":"Earrings made from wooden beads wrapped in black and yellow striped silk tie fabric. Handmade in Val\u00e9rie Hangel's studio in Carouge, Geneva","breadcrumb":{"@id":"https:\/\/galerieh.ch\/en\/produit\/earrings-tea-for-two-bees-silk-tie-aaccessories-design-valerie-hangel-genevea\/#breadcrumb"},"inLanguage":"en-US","potentialAction":[{"@type":"ReadAction","target":["https:\/\/galerieh.ch\/en\/produit\/earrings-tea-for-two-bees-silk-tie-aaccessories-design-valerie-hangel-genevea\/"]}]},{"@type":"ImageObject","inLanguage":"en-US","@id":"https:\/\/galerieh.ch\/en\/produit\/earrings-tea-for-two-bees-silk-tie-aaccessories-design-valerie-hangel-genevea\/#primaryimage","url":"https:\/\/galerieh.ch\/wp-content\/uploads\/2026\/04\/img-1342.jpg","contentUrl":"https:\/\/galerieh.ch\/wp-content\/uploads\/2026\/04\/img-1342.jpg","width":938,"height":1250,"caption":"bouclesdoreilles-collection-jacquet-tissu-cravate-rayures-fait-main-creation-valerie-hangel-geneve"},{"@type":"BreadcrumbList","@id":"https:\/\/galerieh.ch\/en\/produit\/earrings-tea-for-two-bees-silk-tie-aaccessories-design-valerie-hangel-genevea\/#breadcrumb","itemListElement":[{"@type":"ListItem","position":1,"name":"Accueil","item":"https:\/\/galerieh.ch\/en\/home-silk-kimono-jewellery-art-geneva\/"},{"@type":"ListItem","position":2,"name":"Shop","item":"https:\/\/galerieh.ch\/en\/shop\/"},{"@type":"ListItem","position":3,"name":"Tea for two earrings, bees"}]},{"@type":"WebSite","@id":"https:\/\/galerieh.ch\/en\/#website","url":"https:\/\/galerieh.ch\/en\/","name":"Galerie H","description":"Bijoux sur mesure textiles, accessoires et Kimonos \u00e0 Carouge - Gen\u00e8ve","potentialAction":[{"@type":"SearchAction","target":{"@type":"EntryPoint","urlTemplate":"https:\/\/galerieh.ch\/en\/?s={search_term_string}"},"query-input":{"@type":"PropertyValueSpecification","valueRequired":true,"valueName":"search_term_string"}}],"inLanguage":"en-US"}]}},"_links":{"self":[{"href":"https:\/\/galerieh.ch\/en\/wp-json\/wp\/v2\/product\/18871","targetHints":{"allow":["GET"]}}],"collection":[{"href":"https:\/\/galerieh.ch\/en\/wp-json\/wp\/v2\/product"}],"about":[{"href":"https:\/\/galerieh.ch\/en\/wp-json\/wp\/v2\/types\/product"}],"wp:featuredmedia":[{"embeddable":true,"href":"https:\/\/galerieh.ch\/en\/wp-json\/wp\/v2\/media\/18867"}],"wp:attachment":[{"href":"https:\/\/galerieh.ch\/en\/wp-json\/wp\/v2\/media?parent=18871"}],"wp:term":[{"taxonomy":"product_brand","embeddable":true,"href":"https:\/\/galerieh.ch\/en\/wp-json\/wp\/v2\/product_brand?post=18871"},{"taxonomy":"product_cat","embeddable":true,"href":"https:\/\/galerieh.ch\/en\/wp-json\/wp\/v2\/product_cat?post=18871"},{"taxonomy":"product_tag","embeddable":true,"href":"https:\/\/galerieh.ch\/en\/wp-json\/wp\/v2\/product_tag?post=18871"}],"curies":[{"name":"wp","href":"https:\/\/api.w.org\/{rel}","templated":true}]}}