{"id":10590,"date":"2022-06-21T12:00:47","date_gmt":"2021-03-08T17:05:47","guid":{"rendered":"https:\/\/galerieh.ch\/produit\/porcelain-stoneware-cup-yugen-no-5-yusuke-offhause-carouge\/"},"modified":"2021-06-11T16:19:31","modified_gmt":"2021-06-11T14:19:31","slug":"large-stoneware-cup-yugen-no-5-yusuke-offhause-carouge","status":"publish","type":"product","link":"https:\/\/galerieh.ch\/en\/produit\/large-stoneware-cup-yugen-no-5-yusuke-offhause-carouge\/","title":{"rendered":"Large stoneware cup Yugen No 5"},"content":{"rendered":"<p>Ceramist: <span style=\"color: #ce4a62;\">Yusuk\u00e9 Y. Offhause<\/span>, born in Japan. Lives and works in Geneva.<\/p>\n<p>Large stoneware, porcelain and enamel cup. Can be used to serve coffee or tea.<\/p>\n<p>This work was the subject of an exhibition during the Parcours C\u00e9ramique Carougeois 2019.<\/p>\n<p>Height: 9.5cm<br \/>\nDiameter: 7 cm<\/p>\n","protected":false},"excerpt":{"rendered":"<p>Ceramist: Yusuk\u00e9 Y. Offhause, born in Japan. Lives and works in Geneva. Large stoneware, porcelain and enamel cup. Can be used to serve coffee or tea. This work was the subject of an exhibition during the Parcours C\u00e9ramique Carougeois 2019. Height: 9.5cm Diameter: 7 cm<\/p>\n","protected":false},"featured_media":7693,"template":"","meta":[],"product_brand":[],"product_cat":[2054],"product_tag":[2257,2258],"class_list":{"0":"post-10590","1":"product","2":"type-product","3":"status-publish","4":"has-post-thumbnail","6":"product_cat-ceramic","7":"product_tag-bowl","8":"product_tag-gobelet-en","10":"first","11":"instock","12":"featured","13":"sold-individually","14":"purchasable","15":"product-type-simple"},"yoast_head":"<!-- This site is optimized with the Yoast SEO plugin v27.3 - https:\/\/yoast.com\/product\/yoast-seo-wordpress\/ -->\n<title>Large stoneware and porcelain cup. Ceramist Yusuk\u00e9 Offhause. Geneva<\/title>\n<meta name=\"description\" content=\"Stoneware and porcelain cup. Piece exhibited during the Parcours C\u00e9ramique Carougeois 2019. Handcrafted by Yusuk\u00e9 Offhause\" \/>\n<meta name=\"robots\" content=\"index, follow, max-snippet:-1, max-image-preview:large, max-video-preview:-1\" \/>\n<link rel=\"canonical\" href=\"https:\/\/galerieh.ch\/en\/produit\/large-stoneware-cup-yugen-no-5-yusuke-offhause-carouge\/\" \/>\n<meta property=\"og:locale\" content=\"en_US\" \/>\n<meta property=\"og:type\" content=\"article\" \/>\n<meta property=\"og:title\" content=\"Large stoneware and porcelain cup. Ceramist Yusuk\u00e9 Offhause. Geneva\" \/>\n<meta property=\"og:description\" content=\"Stoneware and porcelain cup. Piece exhibited during the Parcours C\u00e9ramique Carougeois 2019. Handcrafted by Yusuk\u00e9 Offhause\" \/>\n<meta property=\"og:url\" content=\"https:\/\/galerieh.ch\/en\/produit\/large-stoneware-cup-yugen-no-5-yusuke-offhause-carouge\/\" \/>\n<meta property=\"og:site_name\" content=\"Galerie H\" \/>\n<meta property=\"article:publisher\" content=\"https:\/\/www.facebook.com\/valerie.hangel\" \/>\n<meta property=\"article:modified_time\" content=\"2021-06-11T14:19:31+00:00\" \/>\n<meta property=\"og:image\" content=\"https:\/\/galerieh.ch\/wp-content\/uploads\/2020\/05\/tasse-gres-ceramique-contemporaine-japonais-piece-unique-ceramiste-yusuke-offhause-carouge-geneve.jpg\" \/>\n\t<meta property=\"og:image:width\" content=\"938\" \/>\n\t<meta property=\"og:image:height\" content=\"1250\" \/>\n\t<meta property=\"og:image:type\" content=\"image\/jpeg\" \/>\n<meta name=\"twitter:card\" content=\"summary_large_image\" \/>\n<meta name=\"twitter:label1\" content=\"Est. reading time\" \/>\n\t<meta name=\"twitter:data1\" content=\"1 minute\" \/>\n<script type=\"application\/ld+json\" class=\"yoast-schema-graph\">{\"@context\":\"https:\\\/\\\/schema.org\",\"@graph\":[{\"@type\":\"WebPage\",\"@id\":\"https:\\\/\\\/galerieh.ch\\\/en\\\/produit\\\/large-stoneware-cup-yugen-no-5-yusuke-offhause-carouge\\\/\",\"url\":\"https:\\\/\\\/galerieh.ch\\\/en\\\/produit\\\/large-stoneware-cup-yugen-no-5-yusuke-offhause-carouge\\\/\",\"name\":\"Large stoneware and porcelain cup. Ceramist Yusuk\u00e9 Offhause. Geneva\",\"isPartOf\":{\"@id\":\"https:\\\/\\\/galerieh.ch\\\/en\\\/#website\"},\"primaryImageOfPage\":{\"@id\":\"https:\\\/\\\/galerieh.ch\\\/en\\\/produit\\\/large-stoneware-cup-yugen-no-5-yusuke-offhause-carouge\\\/#primaryimage\"},\"image\":{\"@id\":\"https:\\\/\\\/galerieh.ch\\\/en\\\/produit\\\/large-stoneware-cup-yugen-no-5-yusuke-offhause-carouge\\\/#primaryimage\"},\"thumbnailUrl\":\"https:\\\/\\\/galerieh.ch\\\/wp-content\\\/uploads\\\/2020\\\/05\\\/tasse-gres-ceramique-contemporaine-japonais-piece-unique-ceramiste-yusuke-offhause-carouge-geneve.jpg\",\"datePublished\":\"2021-03-08T17:05:47+00:00\",\"dateModified\":\"2021-06-11T14:19:31+00:00\",\"description\":\"Stoneware and porcelain cup. Piece exhibited during the Parcours C\u00e9ramique Carougeois 2019. Handcrafted by Yusuk\u00e9 Offhause\",\"breadcrumb\":{\"@id\":\"https:\\\/\\\/galerieh.ch\\\/en\\\/produit\\\/large-stoneware-cup-yugen-no-5-yusuke-offhause-carouge\\\/#breadcrumb\"},\"inLanguage\":\"en-US\",\"potentialAction\":[{\"@type\":\"ReadAction\",\"target\":[\"https:\\\/\\\/galerieh.ch\\\/en\\\/produit\\\/large-stoneware-cup-yugen-no-5-yusuke-offhause-carouge\\\/\"]}]},{\"@type\":\"ImageObject\",\"inLanguage\":\"en-US\",\"@id\":\"https:\\\/\\\/galerieh.ch\\\/en\\\/produit\\\/large-stoneware-cup-yugen-no-5-yusuke-offhause-carouge\\\/#primaryimage\",\"url\":\"https:\\\/\\\/galerieh.ch\\\/wp-content\\\/uploads\\\/2020\\\/05\\\/tasse-gres-ceramique-contemporaine-japonais-piece-unique-ceramiste-yusuke-offhause-carouge-geneve.jpg\",\"contentUrl\":\"https:\\\/\\\/galerieh.ch\\\/wp-content\\\/uploads\\\/2020\\\/05\\\/tasse-gres-ceramique-contemporaine-japonais-piece-unique-ceramiste-yusuke-offhause-carouge-geneve.jpg\",\"width\":938,\"height\":1250,\"caption\":\"contemporary-japanese-ceramics-sandstone-cup-unique-ceramist-yusuke-offhause-carouge-geneva\"},{\"@type\":\"BreadcrumbList\",\"@id\":\"https:\\\/\\\/galerieh.ch\\\/en\\\/produit\\\/large-stoneware-cup-yugen-no-5-yusuke-offhause-carouge\\\/#breadcrumb\",\"itemListElement\":[{\"@type\":\"ListItem\",\"position\":1,\"name\":\"Accueil\",\"item\":\"https:\\\/\\\/galerieh.ch\\\/en\\\/home-silk-kimono-jewellery-art-geneva\\\/\"},{\"@type\":\"ListItem\",\"position\":2,\"name\":\"Shop\",\"item\":\"https:\\\/\\\/galerieh.ch\\\/en\\\/shop\\\/\"},{\"@type\":\"ListItem\",\"position\":3,\"name\":\"Large stoneware cup Yugen No 5\"}]},{\"@type\":\"WebSite\",\"@id\":\"https:\\\/\\\/galerieh.ch\\\/en\\\/#website\",\"url\":\"https:\\\/\\\/galerieh.ch\\\/en\\\/\",\"name\":\"Galerie H\",\"description\":\"Bijoux sur mesure textiles, accessoires et Kimonos \u00e0 Carouge - Gen\u00e8ve\",\"potentialAction\":[{\"@type\":\"SearchAction\",\"target\":{\"@type\":\"EntryPoint\",\"urlTemplate\":\"https:\\\/\\\/galerieh.ch\\\/en\\\/?s={search_term_string}\"},\"query-input\":{\"@type\":\"PropertyValueSpecification\",\"valueRequired\":true,\"valueName\":\"search_term_string\"}}],\"inLanguage\":\"en-US\"}]}<\/script>\n<!-- \/ Yoast SEO plugin. -->","yoast_head_json":{"title":"Large stoneware and porcelain cup. Ceramist Yusuk\u00e9 Offhause. Geneva","description":"Stoneware and porcelain cup. Piece exhibited during the Parcours C\u00e9ramique Carougeois 2019. Handcrafted by Yusuk\u00e9 Offhause","robots":{"index":"index","follow":"follow","max-snippet":"max-snippet:-1","max-image-preview":"max-image-preview:large","max-video-preview":"max-video-preview:-1"},"canonical":"https:\/\/galerieh.ch\/en\/produit\/large-stoneware-cup-yugen-no-5-yusuke-offhause-carouge\/","og_locale":"en_US","og_type":"article","og_title":"Large stoneware and porcelain cup. Ceramist Yusuk\u00e9 Offhause. Geneva","og_description":"Stoneware and porcelain cup. Piece exhibited during the Parcours C\u00e9ramique Carougeois 2019. Handcrafted by Yusuk\u00e9 Offhause","og_url":"https:\/\/galerieh.ch\/en\/produit\/large-stoneware-cup-yugen-no-5-yusuke-offhause-carouge\/","og_site_name":"Galerie H","article_publisher":"https:\/\/www.facebook.com\/valerie.hangel","article_modified_time":"2021-06-11T14:19:31+00:00","og_image":[{"width":938,"height":1250,"url":"https:\/\/galerieh.ch\/wp-content\/uploads\/2020\/05\/tasse-gres-ceramique-contemporaine-japonais-piece-unique-ceramiste-yusuke-offhause-carouge-geneve.jpg","type":"image\/jpeg"}],"twitter_card":"summary_large_image","twitter_misc":{"Est. reading time":"1 minute"},"schema":{"@context":"https:\/\/schema.org","@graph":[{"@type":"WebPage","@id":"https:\/\/galerieh.ch\/en\/produit\/large-stoneware-cup-yugen-no-5-yusuke-offhause-carouge\/","url":"https:\/\/galerieh.ch\/en\/produit\/large-stoneware-cup-yugen-no-5-yusuke-offhause-carouge\/","name":"Large stoneware and porcelain cup. Ceramist Yusuk\u00e9 Offhause. Geneva","isPartOf":{"@id":"https:\/\/galerieh.ch\/en\/#website"},"primaryImageOfPage":{"@id":"https:\/\/galerieh.ch\/en\/produit\/large-stoneware-cup-yugen-no-5-yusuke-offhause-carouge\/#primaryimage"},"image":{"@id":"https:\/\/galerieh.ch\/en\/produit\/large-stoneware-cup-yugen-no-5-yusuke-offhause-carouge\/#primaryimage"},"thumbnailUrl":"https:\/\/galerieh.ch\/wp-content\/uploads\/2020\/05\/tasse-gres-ceramique-contemporaine-japonais-piece-unique-ceramiste-yusuke-offhause-carouge-geneve.jpg","datePublished":"2021-03-08T17:05:47+00:00","dateModified":"2021-06-11T14:19:31+00:00","description":"Stoneware and porcelain cup. Piece exhibited during the Parcours C\u00e9ramique Carougeois 2019. Handcrafted by Yusuk\u00e9 Offhause","breadcrumb":{"@id":"https:\/\/galerieh.ch\/en\/produit\/large-stoneware-cup-yugen-no-5-yusuke-offhause-carouge\/#breadcrumb"},"inLanguage":"en-US","potentialAction":[{"@type":"ReadAction","target":["https:\/\/galerieh.ch\/en\/produit\/large-stoneware-cup-yugen-no-5-yusuke-offhause-carouge\/"]}]},{"@type":"ImageObject","inLanguage":"en-US","@id":"https:\/\/galerieh.ch\/en\/produit\/large-stoneware-cup-yugen-no-5-yusuke-offhause-carouge\/#primaryimage","url":"https:\/\/galerieh.ch\/wp-content\/uploads\/2020\/05\/tasse-gres-ceramique-contemporaine-japonais-piece-unique-ceramiste-yusuke-offhause-carouge-geneve.jpg","contentUrl":"https:\/\/galerieh.ch\/wp-content\/uploads\/2020\/05\/tasse-gres-ceramique-contemporaine-japonais-piece-unique-ceramiste-yusuke-offhause-carouge-geneve.jpg","width":938,"height":1250,"caption":"contemporary-japanese-ceramics-sandstone-cup-unique-ceramist-yusuke-offhause-carouge-geneva"},{"@type":"BreadcrumbList","@id":"https:\/\/galerieh.ch\/en\/produit\/large-stoneware-cup-yugen-no-5-yusuke-offhause-carouge\/#breadcrumb","itemListElement":[{"@type":"ListItem","position":1,"name":"Accueil","item":"https:\/\/galerieh.ch\/en\/home-silk-kimono-jewellery-art-geneva\/"},{"@type":"ListItem","position":2,"name":"Shop","item":"https:\/\/galerieh.ch\/en\/shop\/"},{"@type":"ListItem","position":3,"name":"Large stoneware cup Yugen No 5"}]},{"@type":"WebSite","@id":"https:\/\/galerieh.ch\/en\/#website","url":"https:\/\/galerieh.ch\/en\/","name":"Galerie H","description":"Bijoux sur mesure textiles, accessoires et Kimonos \u00e0 Carouge - Gen\u00e8ve","potentialAction":[{"@type":"SearchAction","target":{"@type":"EntryPoint","urlTemplate":"https:\/\/galerieh.ch\/en\/?s={search_term_string}"},"query-input":{"@type":"PropertyValueSpecification","valueRequired":true,"valueName":"search_term_string"}}],"inLanguage":"en-US"}]}},"_links":{"self":[{"href":"https:\/\/galerieh.ch\/en\/wp-json\/wp\/v2\/product\/10590","targetHints":{"allow":["GET"]}}],"collection":[{"href":"https:\/\/galerieh.ch\/en\/wp-json\/wp\/v2\/product"}],"about":[{"href":"https:\/\/galerieh.ch\/en\/wp-json\/wp\/v2\/types\/product"}],"wp:featuredmedia":[{"embeddable":true,"href":"https:\/\/galerieh.ch\/en\/wp-json\/wp\/v2\/media\/7693"}],"wp:attachment":[{"href":"https:\/\/galerieh.ch\/en\/wp-json\/wp\/v2\/media?parent=10590"}],"wp:term":[{"taxonomy":"product_brand","embeddable":true,"href":"https:\/\/galerieh.ch\/en\/wp-json\/wp\/v2\/product_brand?post=10590"},{"taxonomy":"product_cat","embeddable":true,"href":"https:\/\/galerieh.ch\/en\/wp-json\/wp\/v2\/product_cat?post=10590"},{"taxonomy":"product_tag","embeddable":true,"href":"https:\/\/galerieh.ch\/en\/wp-json\/wp\/v2\/product_tag?post=10590"}],"curies":[{"name":"wp","href":"https:\/\/api.w.org\/{rel}","templated":true}]}}